{"id":7543,"date":"2024-02-19T12:27:58","date_gmt":"2024-02-19T11:27:58","guid":{"rendered":"https:\/\/kunsthallebratislava.sk\/?page_id=7543"},"modified":"2024-02-19T12:32:40","modified_gmt":"2024-02-19T11:32:40","slug":"kunsthalle-bratislava-statement-16-01-2024","status":"publish","type":"page","link":"https:\/\/kunsthallebratislava.sk\/en\/kunsthalle-bratislava-statement-16-01-2024\/","title":{"rendered":"Kunsthalle Bratislava statement, 16.01.2024"},"content":{"rendered":"<p>The director of Kunsthalle Bratislava Jen Kratochvil has resigned from his position effective from the date 15.01.2024 and our economic director Denisa Zlata has temporarily stepped in as a statutory representative. <\/p>\n<p>Today (16.01.2024) it has been communicated to us from the Ministry of Culture of the Slovak Republic, that the financing of our artistic and educational program for the year 2024, which had been prepared by our internal and external curators, has been revoked.<\/p>\n<p>We stand at a point where the experienced, respected, professionals, scholars, artists, pedagogues, curators, and cultural workers are facing accusations of propagating values that are \u201cputting the future of children in Slovakia in jeopardy\u201d.<\/p>\n<p>We are disturbed by the current steps that the Ministry of Culture of the Slovak Republic has taken, and we have strong reasons to worry about the independence and freedom of this national institution.<\/p>\n<p>Regardless, we continue to stand proudly with the values we promoted that were presented in our program, and with everyone we have collaborated with, we cherish every one of our visitors who showed us support.<\/p>\n","protected":false},"excerpt":{"rendered":"<p>The director of Kunsthalle Bratislava Jen Kratochvil has resigned from his position effective from the date 15.01.2024 and our economic director Denisa Zlata has temporarily stepped in as a statutory representative. Today (16.01.2024) it has been communicated to us from the Ministry of Culture of the Slovak Republic, that the financing of our artistic and&#8230;<\/p>\n","protected":false},"author":15,"featured_media":7541,"parent":0,"menu_order":0,"comment_status":"closed","ping_status":"closed","template":"","meta":[],"acf":[],"yoast_head":"<!-- This site is optimized with the Yoast SEO plugin v20.8 - https:\/\/yoast.com\/wordpress\/plugins\/seo\/ -->\n<title>Kunsthalle Bratislava statement, 16.01.2024 - KunstHalle Bratislava<\/title>\n<meta name=\"robots\" content=\"index, follow, max-snippet:-1, max-image-preview:large, max-video-preview:-1\" \/>\n<link rel=\"canonical\" href=\"https:\/\/kunsthallebratislava.sk\/en\/kunsthalle-bratislava-statement-16-01-2024\/\" \/>\n<meta property=\"og:locale\" content=\"en_US\" \/>\n<meta property=\"og:type\" content=\"article\" \/>\n<meta property=\"og:title\" content=\"Kunsthalle Bratislava statement, 16.01.2024 - KunstHalle Bratislava\" \/>\n<meta property=\"og:description\" content=\"The director of Kunsthalle Bratislava Jen Kratochvil has resigned from his position effective from the date 15.01.2024 and our economic director Denisa Zlata has temporarily stepped in as a statutory representative. Today (16.01.2024) it has been communicated to us from the Ministry of Culture of the Slovak Republic, that the financing of our artistic and...\" \/>\n<meta property=\"og:url\" content=\"https:\/\/kunsthallebratislava.sk\/en\/kunsthalle-bratislava-statement-16-01-2024\/\" \/>\n<meta property=\"og:site_name\" content=\"KunstHalle Bratislava\" \/>\n<meta property=\"article:modified_time\" content=\"2024-02-19T11:32:40+00:00\" \/>\n<meta property=\"og:image\" content=\"https:\/\/kunsthallebratislava.sk\/wp-content\/uploads\/2024\/02\/DSC_6645m-scaled-e1708342195823.jpg\" \/>\n\t<meta property=\"og:image:width\" content=\"1602\" \/>\n\t<meta property=\"og:image:height\" content=\"1237\" \/>\n\t<meta property=\"og:image:type\" content=\"image\/jpeg\" \/>\n<meta name=\"twitter:card\" content=\"summary_large_image\" \/>\n<meta name=\"twitter:label1\" content=\"Est. reading time\" \/>\n\t<meta name=\"twitter:data1\" content=\"1 minute\" \/>\n<script type=\"application\/ld+json\" class=\"yoast-schema-graph\">{\"@context\":\"https:\/\/schema.org\",\"@graph\":[{\"@type\":\"WebPage\",\"@id\":\"https:\/\/kunsthallebratislava.sk\/en\/kunsthalle-bratislava-statement-16-01-2024\/\",\"url\":\"https:\/\/kunsthallebratislava.sk\/en\/kunsthalle-bratislava-statement-16-01-2024\/\",\"name\":\"Kunsthalle Bratislava statement, 16.01.2024 - KunstHalle Bratislava\",\"isPartOf\":{\"@id\":\"https:\/\/kunsthallebratislava.sk\/#website\"},\"datePublished\":\"2024-02-19T11:27:58+00:00\",\"dateModified\":\"2024-02-19T11:32:40+00:00\",\"breadcrumb\":{\"@id\":\"https:\/\/kunsthallebratislava.sk\/en\/kunsthalle-bratislava-statement-16-01-2024\/#breadcrumb\"},\"inLanguage\":\"en-US\",\"potentialAction\":[{\"@type\":\"ReadAction\",\"target\":[\"https:\/\/kunsthallebratislava.sk\/en\/kunsthalle-bratislava-statement-16-01-2024\/\"]}]},{\"@type\":\"BreadcrumbList\",\"@id\":\"https:\/\/kunsthallebratislava.sk\/en\/kunsthalle-bratislava-statement-16-01-2024\/#breadcrumb\",\"itemListElement\":[{\"@type\":\"ListItem\",\"position\":1,\"name\":\"Home\",\"item\":\"https:\/\/kunsthallebratislava.sk\/en\/\"},{\"@type\":\"ListItem\",\"position\":2,\"name\":\"Kunsthalle Bratislava statement, 16.01.2024\"}]},{\"@type\":\"WebSite\",\"@id\":\"https:\/\/kunsthallebratislava.sk\/#website\",\"url\":\"https:\/\/kunsthallebratislava.sk\/\",\"name\":\"KunstHalle Bratislava\",\"description\":\"Slovensk\u00e9 centrum vizu\u00e1lnych umen\u00ed, Dom umenia\/Kunsthalle Bratislava (KHB)\",\"potentialAction\":[{\"@type\":\"SearchAction\",\"target\":{\"@type\":\"EntryPoint\",\"urlTemplate\":\"https:\/\/kunsthallebratislava.sk\/?s={search_term_string}\"},\"query-input\":\"required name=search_term_string\"}],\"inLanguage\":\"en-US\"}]}<\/script>\n<!-- \/ Yoast SEO plugin. -->","yoast_head_json":{"title":"Kunsthalle Bratislava statement, 16.01.2024 - KunstHalle Bratislava","robots":{"index":"index","follow":"follow","max-snippet":"max-snippet:-1","max-image-preview":"max-image-preview:large","max-video-preview":"max-video-preview:-1"},"canonical":"https:\/\/kunsthallebratislava.sk\/en\/kunsthalle-bratislava-statement-16-01-2024\/","og_locale":"en_US","og_type":"article","og_title":"Kunsthalle Bratislava statement, 16.01.2024 - KunstHalle Bratislava","og_description":"The director of Kunsthalle Bratislava Jen Kratochvil has resigned from his position effective from the date 15.01.2024 and our economic director Denisa Zlata has temporarily stepped in as a statutory representative. Today (16.01.2024) it has been communicated to us from the Ministry of Culture of the Slovak Republic, that the financing of our artistic and...","og_url":"https:\/\/kunsthallebratislava.sk\/en\/kunsthalle-bratislava-statement-16-01-2024\/","og_site_name":"KunstHalle Bratislava","article_modified_time":"2024-02-19T11:32:40+00:00","og_image":[{"width":1602,"height":1237,"url":"https:\/\/kunsthallebratislava.sk\/wp-content\/uploads\/2024\/02\/DSC_6645m-scaled-e1708342195823.jpg","type":"image\/jpeg"}],"twitter_card":"summary_large_image","twitter_misc":{"Est. reading time":"1 minute"},"schema":{"@context":"https:\/\/schema.org","@graph":[{"@type":"WebPage","@id":"https:\/\/kunsthallebratislava.sk\/en\/kunsthalle-bratislava-statement-16-01-2024\/","url":"https:\/\/kunsthallebratislava.sk\/en\/kunsthalle-bratislava-statement-16-01-2024\/","name":"Kunsthalle Bratislava statement, 16.01.2024 - KunstHalle Bratislava","isPartOf":{"@id":"https:\/\/kunsthallebratislava.sk\/#website"},"datePublished":"2024-02-19T11:27:58+00:00","dateModified":"2024-02-19T11:32:40+00:00","breadcrumb":{"@id":"https:\/\/kunsthallebratislava.sk\/en\/kunsthalle-bratislava-statement-16-01-2024\/#breadcrumb"},"inLanguage":"en-US","potentialAction":[{"@type":"ReadAction","target":["https:\/\/kunsthallebratislava.sk\/en\/kunsthalle-bratislava-statement-16-01-2024\/"]}]},{"@type":"BreadcrumbList","@id":"https:\/\/kunsthallebratislava.sk\/en\/kunsthalle-bratislava-statement-16-01-2024\/#breadcrumb","itemListElement":[{"@type":"ListItem","position":1,"name":"Home","item":"https:\/\/kunsthallebratislava.sk\/en\/"},{"@type":"ListItem","position":2,"name":"Kunsthalle Bratislava statement, 16.01.2024"}]},{"@type":"WebSite","@id":"https:\/\/kunsthallebratislava.sk\/#website","url":"https:\/\/kunsthallebratislava.sk\/","name":"KunstHalle Bratislava","description":"Slovensk\u00e9 centrum vizu\u00e1lnych umen\u00ed, Dom umenia\/Kunsthalle Bratislava (KHB)","potentialAction":[{"@type":"SearchAction","target":{"@type":"EntryPoint","urlTemplate":"https:\/\/kunsthallebratislava.sk\/?s={search_term_string}"},"query-input":"required name=search_term_string"}],"inLanguage":"en-US"}]}},"_links":{"self":[{"href":"https:\/\/kunsthallebratislava.sk\/en\/wp-json\/wp\/v2\/pages\/7543"}],"collection":[{"href":"https:\/\/kunsthallebratislava.sk\/en\/wp-json\/wp\/v2\/pages"}],"about":[{"href":"https:\/\/kunsthallebratislava.sk\/en\/wp-json\/wp\/v2\/types\/page"}],"author":[{"embeddable":true,"href":"https:\/\/kunsthallebratislava.sk\/en\/wp-json\/wp\/v2\/users\/15"}],"replies":[{"embeddable":true,"href":"https:\/\/kunsthallebratislava.sk\/en\/wp-json\/wp\/v2\/comments?post=7543"}],"version-history":[{"count":1,"href":"https:\/\/kunsthallebratislava.sk\/en\/wp-json\/wp\/v2\/pages\/7543\/revisions"}],"predecessor-version":[{"id":7544,"href":"https:\/\/kunsthallebratislava.sk\/en\/wp-json\/wp\/v2\/pages\/7543\/revisions\/7544"}],"wp:featuredmedia":[{"embeddable":true,"href":"https:\/\/kunsthallebratislava.sk\/en\/wp-json\/wp\/v2\/media\/7541"}],"wp:attachment":[{"href":"https:\/\/kunsthallebratislava.sk\/en\/wp-json\/wp\/v2\/media?parent=7543"}],"curies":[{"name":"wp","href":"https:\/\/api.w.org\/{rel}","templated":true}]}}