{"id":2243,"date":"2022-04-21T16:01:52","date_gmt":"2022-04-21T14:01:52","guid":{"rendered":"https:\/\/kunsthallebratislava.sk\/?page_id=2243"},"modified":"2022-04-21T16:02:21","modified_gmt":"2022-04-21T14:02:21","slug":"visit-2","status":"publish","type":"page","link":"https:\/\/kunsthallebratislava.sk\/en\/visit-2\/","title":{"rendered":"Visit"},"content":{"rendered":"","protected":false},"excerpt":{"rendered":"","protected":false},"author":16,"featured_media":0,"parent":0,"menu_order":0,"comment_status":"closed","ping_status":"closed","template":"page-about.php","meta":[],"acf":[],"yoast_head":"<!-- This site is optimized with the Yoast SEO plugin v20.8 - https:\/\/yoast.com\/wordpress\/plugins\/seo\/ -->\n<title>Visit - KunstHalle Bratislava<\/title>\n<meta name=\"robots\" content=\"index, follow, max-snippet:-1, max-image-preview:large, max-video-preview:-1\" \/>\n<link rel=\"canonical\" href=\"https:\/\/kunsthallebratislava.sk\/en\/visit-2\/\" \/>\n<meta property=\"og:locale\" content=\"en_US\" \/>\n<meta property=\"og:type\" content=\"article\" \/>\n<meta property=\"og:title\" content=\"Visit - KunstHalle Bratislava\" \/>\n<meta property=\"og:url\" content=\"https:\/\/kunsthallebratislava.sk\/en\/visit-2\/\" \/>\n<meta property=\"og:site_name\" content=\"KunstHalle Bratislava\" \/>\n<meta property=\"article:modified_time\" content=\"2022-04-21T14:02:21+00:00\" \/>\n<meta name=\"twitter:card\" content=\"summary_large_image\" \/>\n<script type=\"application\/ld+json\" class=\"yoast-schema-graph\">{\"@context\":\"https:\/\/schema.org\",\"@graph\":[{\"@type\":\"WebPage\",\"@id\":\"https:\/\/kunsthallebratislava.sk\/en\/visit-2\/\",\"url\":\"https:\/\/kunsthallebratislava.sk\/en\/visit-2\/\",\"name\":\"Visit - KunstHalle Bratislava\",\"isPartOf\":{\"@id\":\"https:\/\/kunsthallebratislava.sk\/#website\"},\"datePublished\":\"2022-04-21T14:01:52+00:00\",\"dateModified\":\"2022-04-21T14:02:21+00:00\",\"breadcrumb\":{\"@id\":\"https:\/\/kunsthallebratislava.sk\/en\/visit-2\/#breadcrumb\"},\"inLanguage\":\"en-US\",\"potentialAction\":[{\"@type\":\"ReadAction\",\"target\":[\"https:\/\/kunsthallebratislava.sk\/en\/visit-2\/\"]}]},{\"@type\":\"BreadcrumbList\",\"@id\":\"https:\/\/kunsthallebratislava.sk\/en\/visit-2\/#breadcrumb\",\"itemListElement\":[{\"@type\":\"ListItem\",\"position\":1,\"name\":\"Home\",\"item\":\"https:\/\/kunsthallebratislava.sk\/en\/\"},{\"@type\":\"ListItem\",\"position\":2,\"name\":\"Visit\"}]},{\"@type\":\"WebSite\",\"@id\":\"https:\/\/kunsthallebratislava.sk\/#website\",\"url\":\"https:\/\/kunsthallebratislava.sk\/\",\"name\":\"KunstHalle Bratislava\",\"description\":\"Slovensk\u00e9 centrum vizu\u00e1lnych umen\u00ed, Dom umenia\/Kunsthalle Bratislava (KHB)\",\"potentialAction\":[{\"@type\":\"SearchAction\",\"target\":{\"@type\":\"EntryPoint\",\"urlTemplate\":\"https:\/\/kunsthallebratislava.sk\/?s={search_term_string}\"},\"query-input\":\"required name=search_term_string\"}],\"inLanguage\":\"en-US\"}]}<\/script>\n<!-- \/ Yoast SEO plugin. -->","yoast_head_json":{"title":"Visit - KunstHalle Bratislava","robots":{"index":"index","follow":"follow","max-snippet":"max-snippet:-1","max-image-preview":"max-image-preview:large","max-video-preview":"max-video-preview:-1"},"canonical":"https:\/\/kunsthallebratislava.sk\/en\/visit-2\/","og_locale":"en_US","og_type":"article","og_title":"Visit - KunstHalle Bratislava","og_url":"https:\/\/kunsthallebratislava.sk\/en\/visit-2\/","og_site_name":"KunstHalle Bratislava","article_modified_time":"2022-04-21T14:02:21+00:00","twitter_card":"summary_large_image","schema":{"@context":"https:\/\/schema.org","@graph":[{"@type":"WebPage","@id":"https:\/\/kunsthallebratislava.sk\/en\/visit-2\/","url":"https:\/\/kunsthallebratislava.sk\/en\/visit-2\/","name":"Visit - KunstHalle Bratislava","isPartOf":{"@id":"https:\/\/kunsthallebratislava.sk\/#website"},"datePublished":"2022-04-21T14:01:52+00:00","dateModified":"2022-04-21T14:02:21+00:00","breadcrumb":{"@id":"https:\/\/kunsthallebratislava.sk\/en\/visit-2\/#breadcrumb"},"inLanguage":"en-US","potentialAction":[{"@type":"ReadAction","target":["https:\/\/kunsthallebratislava.sk\/en\/visit-2\/"]}]},{"@type":"BreadcrumbList","@id":"https:\/\/kunsthallebratislava.sk\/en\/visit-2\/#breadcrumb","itemListElement":[{"@type":"ListItem","position":1,"name":"Home","item":"https:\/\/kunsthallebratislava.sk\/en\/"},{"@type":"ListItem","position":2,"name":"Visit"}]},{"@type":"WebSite","@id":"https:\/\/kunsthallebratislava.sk\/#website","url":"https:\/\/kunsthallebratislava.sk\/","name":"KunstHalle Bratislava","description":"Slovensk\u00e9 centrum vizu\u00e1lnych umen\u00ed, Dom umenia\/Kunsthalle Bratislava (KHB)","potentialAction":[{"@type":"SearchAction","target":{"@type":"EntryPoint","urlTemplate":"https:\/\/kunsthallebratislava.sk\/?s={search_term_string}"},"query-input":"required name=search_term_string"}],"inLanguage":"en-US"}]}},"_links":{"self":[{"href":"https:\/\/kunsthallebratislava.sk\/en\/wp-json\/wp\/v2\/pages\/2243"}],"collection":[{"href":"https:\/\/kunsthallebratislava.sk\/en\/wp-json\/wp\/v2\/pages"}],"about":[{"href":"https:\/\/kunsthallebratislava.sk\/en\/wp-json\/wp\/v2\/types\/page"}],"author":[{"embeddable":true,"href":"https:\/\/kunsthallebratislava.sk\/en\/wp-json\/wp\/v2\/users\/16"}],"replies":[{"embeddable":true,"href":"https:\/\/kunsthallebratislava.sk\/en\/wp-json\/wp\/v2\/comments?post=2243"}],"version-history":[{"count":1,"href":"https:\/\/kunsthallebratislava.sk\/en\/wp-json\/wp\/v2\/pages\/2243\/revisions"}],"predecessor-version":[{"id":2244,"href":"https:\/\/kunsthallebratislava.sk\/en\/wp-json\/wp\/v2\/pages\/2243\/revisions\/2244"}],"wp:attachment":[{"href":"https:\/\/kunsthallebratislava.sk\/en\/wp-json\/wp\/v2\/media?parent=2243"}],"curies":[{"name":"wp","href":"https:\/\/api.w.org\/{rel}","templated":true}]}}