{"id":2164,"date":"2022-03-01T14:38:18","date_gmt":"2022-03-01T13:38:18","guid":{"rendered":"https:\/\/kunsthallebratislava.sk\/team\/"},"modified":"2025-02-05T15:04:33","modified_gmt":"2025-02-05T14:04:33","slug":"team","status":"publish","type":"page","link":"https:\/\/kunsthallebratislava.sk\/en\/team\/","title":{"rendered":"Team"},"content":{"rendered":"","protected":false},"excerpt":{"rendered":"","protected":false},"author":2,"featured_media":0,"parent":0,"menu_order":0,"comment_status":"closed","ping_status":"closed","template":"page-team.php","meta":[],"acf":[],"yoast_head":"<!-- This site is optimized with the Yoast SEO plugin v20.8 - https:\/\/yoast.com\/wordpress\/plugins\/seo\/ -->\n<title>Team - KunstHalle Bratislava<\/title>\n<meta name=\"robots\" content=\"index, follow, max-snippet:-1, max-image-preview:large, max-video-preview:-1\" \/>\n<link rel=\"canonical\" href=\"https:\/\/kunsthallebratislava.sk\/en\/team\/\" \/>\n<meta property=\"og:locale\" content=\"en_US\" \/>\n<meta property=\"og:type\" content=\"article\" \/>\n<meta property=\"og:title\" content=\"Team - KunstHalle Bratislava\" \/>\n<meta property=\"og:url\" content=\"https:\/\/kunsthallebratislava.sk\/en\/team\/\" \/>\n<meta property=\"og:site_name\" content=\"KunstHalle Bratislava\" \/>\n<meta property=\"article:modified_time\" content=\"2025-02-05T14:04:33+00:00\" \/>\n<meta name=\"twitter:card\" content=\"summary_large_image\" \/>\n<script type=\"application\/ld+json\" class=\"yoast-schema-graph\">{\"@context\":\"https:\/\/schema.org\",\"@graph\":[{\"@type\":\"WebPage\",\"@id\":\"https:\/\/kunsthallebratislava.sk\/en\/team\/\",\"url\":\"https:\/\/kunsthallebratislava.sk\/en\/team\/\",\"name\":\"Team - KunstHalle Bratislava\",\"isPartOf\":{\"@id\":\"https:\/\/kunsthallebratislava.sk\/#website\"},\"datePublished\":\"2022-03-01T13:38:18+00:00\",\"dateModified\":\"2025-02-05T14:04:33+00:00\",\"breadcrumb\":{\"@id\":\"https:\/\/kunsthallebratislava.sk\/en\/team\/#breadcrumb\"},\"inLanguage\":\"en-US\",\"potentialAction\":[{\"@type\":\"ReadAction\",\"target\":[\"https:\/\/kunsthallebratislava.sk\/en\/team\/\"]}]},{\"@type\":\"BreadcrumbList\",\"@id\":\"https:\/\/kunsthallebratislava.sk\/en\/team\/#breadcrumb\",\"itemListElement\":[{\"@type\":\"ListItem\",\"position\":1,\"name\":\"Home\",\"item\":\"https:\/\/kunsthallebratislava.sk\/en\/\"},{\"@type\":\"ListItem\",\"position\":2,\"name\":\"Team\"}]},{\"@type\":\"WebSite\",\"@id\":\"https:\/\/kunsthallebratislava.sk\/#website\",\"url\":\"https:\/\/kunsthallebratislava.sk\/\",\"name\":\"KunstHalle Bratislava\",\"description\":\"Slovensk\u00e9 centrum vizu\u00e1lnych umen\u00ed, Dom umenia\/Kunsthalle Bratislava (KHB)\",\"potentialAction\":[{\"@type\":\"SearchAction\",\"target\":{\"@type\":\"EntryPoint\",\"urlTemplate\":\"https:\/\/kunsthallebratislava.sk\/?s={search_term_string}\"},\"query-input\":\"required name=search_term_string\"}],\"inLanguage\":\"en-US\"}]}<\/script>\n<!-- \/ Yoast SEO plugin. -->","yoast_head_json":{"title":"Team - KunstHalle Bratislava","robots":{"index":"index","follow":"follow","max-snippet":"max-snippet:-1","max-image-preview":"max-image-preview:large","max-video-preview":"max-video-preview:-1"},"canonical":"https:\/\/kunsthallebratislava.sk\/en\/team\/","og_locale":"en_US","og_type":"article","og_title":"Team - KunstHalle Bratislava","og_url":"https:\/\/kunsthallebratislava.sk\/en\/team\/","og_site_name":"KunstHalle Bratislava","article_modified_time":"2025-02-05T14:04:33+00:00","twitter_card":"summary_large_image","schema":{"@context":"https:\/\/schema.org","@graph":[{"@type":"WebPage","@id":"https:\/\/kunsthallebratislava.sk\/en\/team\/","url":"https:\/\/kunsthallebratislava.sk\/en\/team\/","name":"Team - KunstHalle Bratislava","isPartOf":{"@id":"https:\/\/kunsthallebratislava.sk\/#website"},"datePublished":"2022-03-01T13:38:18+00:00","dateModified":"2025-02-05T14:04:33+00:00","breadcrumb":{"@id":"https:\/\/kunsthallebratislava.sk\/en\/team\/#breadcrumb"},"inLanguage":"en-US","potentialAction":[{"@type":"ReadAction","target":["https:\/\/kunsthallebratislava.sk\/en\/team\/"]}]},{"@type":"BreadcrumbList","@id":"https:\/\/kunsthallebratislava.sk\/en\/team\/#breadcrumb","itemListElement":[{"@type":"ListItem","position":1,"name":"Home","item":"https:\/\/kunsthallebratislava.sk\/en\/"},{"@type":"ListItem","position":2,"name":"Team"}]},{"@type":"WebSite","@id":"https:\/\/kunsthallebratislava.sk\/#website","url":"https:\/\/kunsthallebratislava.sk\/","name":"KunstHalle Bratislava","description":"Slovensk\u00e9 centrum vizu\u00e1lnych umen\u00ed, Dom umenia\/Kunsthalle Bratislava (KHB)","potentialAction":[{"@type":"SearchAction","target":{"@type":"EntryPoint","urlTemplate":"https:\/\/kunsthallebratislava.sk\/?s={search_term_string}"},"query-input":"required name=search_term_string"}],"inLanguage":"en-US"}]}},"_links":{"self":[{"href":"https:\/\/kunsthallebratislava.sk\/en\/wp-json\/wp\/v2\/pages\/2164"}],"collection":[{"href":"https:\/\/kunsthallebratislava.sk\/en\/wp-json\/wp\/v2\/pages"}],"about":[{"href":"https:\/\/kunsthallebratislava.sk\/en\/wp-json\/wp\/v2\/types\/page"}],"author":[{"embeddable":true,"href":"https:\/\/kunsthallebratislava.sk\/en\/wp-json\/wp\/v2\/users\/2"}],"replies":[{"embeddable":true,"href":"https:\/\/kunsthallebratislava.sk\/en\/wp-json\/wp\/v2\/comments?post=2164"}],"version-history":[{"count":20,"href":"https:\/\/kunsthallebratislava.sk\/en\/wp-json\/wp\/v2\/pages\/2164\/revisions"}],"predecessor-version":[{"id":7673,"href":"https:\/\/kunsthallebratislava.sk\/en\/wp-json\/wp\/v2\/pages\/2164\/revisions\/7673"}],"wp:attachment":[{"href":"https:\/\/kunsthallebratislava.sk\/en\/wp-json\/wp\/v2\/media?parent=2164"}],"curies":[{"name":"wp","href":"https:\/\/api.w.org\/{rel}","templated":true}]}}